{"id":3370,"date":"2023-01-31T15:08:43","date_gmt":"2023-01-31T15:08:43","guid":{"rendered":"http:\/\/aaur.mp8dev.reea.net\/?page_id=3370"},"modified":"2025-05-12T16:46:14","modified_gmt":"2025-05-12T14:46:14","slug":"contact","status":"publish","type":"page","link":"https:\/\/hungarianbusiness.ro\/ro\/contact\/","title":{"rendered":"Contact"},"content":{"rendered":"<div class=\"wpb-content-wrapper\"><p>[vc_row][vc_column offset=&#8221;vc_col-lg-2 vc_col-md-2 vc_hidden-sm vc_col-xs-12 vc_hidden-xs&#8221;][\/vc_column][vc_column offset=&#8221;vc_col-lg-8 vc_col-md-8 vc_col-xs-12&#8243;][vc_column_text css=&#8221;.vc_custom_1747061167395{margin-bottom: 0px !important;}&#8221;]<\/p>\n<div class=\"wpb_text_column wpb_content_element\">\n<div class=\"wpb_wrapper\">\n<p style=\"text-align: center;\"><strong><b>DETALII CONTACT<\/b><br \/>\n<\/strong><a href=\"https:\/\/www.google.com\/maps\/place\/Strada+1+Decembrie+1918+35,+Sf%C3%A2ntu+Gheorghe\/@45.8641158,25.7875573,17z\/data=!4m6!3m5!1s0x40b4a495ef44f2fd:0xa260aba1da95a298!8m2!3d45.8645937!4d25.7910212!16s%2Fg%2F11c2bx2j35?entry=ttu&amp;g_ep=EgoyMDI1MDUwNy4wIKXMDSoASAFQAw%3D%3D\" rel=\"nofollow noopener\" target=\"_blank\">520025 Str.1 Decembrie 1918, nr.35 Office Triol Building Sfantu Gheorghe RO<\/a><br \/>\n+40 755 874 965<br \/>\n<a href=\"mailto:office@hungarianbusiness.ro\">office@hungarianbusiness.ro<\/a><br \/>\n<a class=\"email\" href=\"mailto:agnes.ferenczy@hungarianbusiness.ro\">agnes.ferenczy@hungarianbusiness.ro<\/a><\/p>\n<p style=\"text-align: center;\"><b>PROGRAM DE LUCRU<\/b><br \/>\n<span style=\"font-weight: 400;\">Suntem disponibili \u00een zilele lucr\u0103toare \u00eentre orele 09:00 \u0219i 18:00.<\/span><\/p>\n<p style=\"text-align: center;\"><strong>SPRIJIN<\/strong><br \/>\n<span style=\"font-weight: 400;\">V\u0103 salut\u0103m sprijinul pentru urm\u0103toarele numere de cont:<br \/>\n<\/span><span style=\"font-weight: 400;\">Swift: BTRLRO22XXX<br \/>\n<\/span><span style=\"font-weight: 400;\">RON: RO10BTRLRONCRT0686283401<br \/>\n<\/span><span style=\"font-weight: 400;\">EUR: RO57BTRLEURCRT0686283401<br \/>\n<\/span><span style=\"font-weight: 400;\">HUF: RO70BTRLHUFCRT0686283401<\/span><\/p>\n<\/div>\n<\/div>\n<p>[\/vc_column_text][vc_empty_space height=&#8221;90px&#8221;][\/vc_column][vc_column offset=&#8221;vc_col-lg-2 vc_col-md-2 vc_hidden-sm vc_col-xs-12 vc_hidden-xs&#8221;][\/vc_column][\/vc_row]<\/p>\n<\/div>","protected":false},"excerpt":{"rendered":"<p>[vc_row][vc_column offset=&#8221;vc_col-lg-2 vc_col-md-2 vc_hidden-sm vc_col-xs-12 vc_hidden-xs&#8221;][\/vc_column][vc_column offset=&#8221;vc_col-lg-8 vc_col-md-8 vc_col-xs-12&#8243;][vc_column_text css=&#8221;.vc_custom_1747061167395{margin-bottom: 0px !important;}&#8221;] DETALII CONTACT 520025 Str.1 Decembrie 1918, nr.35 Office Triol Building Sfantu Gheorghe RO +40 755 874 965 office@hungarianbusiness.ro agnes.ferenczy@hungarianbusiness.ro PROGRAM DE LUCRU Suntem disponibili \u00een zilele lucr\u0103toare \u00eentre&#8230;<\/p>\n","protected":false},"author":1,"featured_media":0,"parent":0,"menu_order":0,"comment_status":"closed","ping_status":"closed","template":"","meta":{"inline_featured_image":false,"footnotes":""},"class_list":["post-3370","page","type-page","status-publish","hentry"],"_links":{"self":[{"href":"https:\/\/hungarianbusiness.ro\/ro\/wp-json\/wp\/v2\/pages\/3370","targetHints":{"allow":["GET"]}}],"collection":[{"href":"https:\/\/hungarianbusiness.ro\/ro\/wp-json\/wp\/v2\/pages"}],"about":[{"href":"https:\/\/hungarianbusiness.ro\/ro\/wp-json\/wp\/v2\/types\/page"}],"author":[{"embeddable":true,"href":"https:\/\/hungarianbusiness.ro\/ro\/wp-json\/wp\/v2\/users\/1"}],"replies":[{"embeddable":true,"href":"https:\/\/hungarianbusiness.ro\/ro\/wp-json\/wp\/v2\/comments?post=3370"}],"version-history":[{"count":2,"href":"https:\/\/hungarianbusiness.ro\/ro\/wp-json\/wp\/v2\/pages\/3370\/revisions"}],"predecessor-version":[{"id":6002,"href":"https:\/\/hungarianbusiness.ro\/ro\/wp-json\/wp\/v2\/pages\/3370\/revisions\/6002"}],"wp:attachment":[{"href":"https:\/\/hungarianbusiness.ro\/ro\/wp-json\/wp\/v2\/media?parent=3370"}],"curies":[{"name":"wp","href":"https:\/\/api.w.org\/{rel}","templated":true}]}}